{"id":49,"date":"2020-02-25T10:24:22","date_gmt":"2020-02-25T09:24:22","guid":{"rendered":"https:\/\/webdesign-petroll.de\/?page_id=49"},"modified":"2020-03-24T22:42:10","modified_gmt":"2020-03-24T21:42:10","slug":"allgemeine-geschaeftsbedingungen","status":"publish","type":"page","link":"https:\/\/webdesign-petroll.de\/webdesign\/allgemeine-geschaeftsbedingungen\/","title":{"rendered":"Allgemeine Gesch\u00e4ftsbedingungen"},"content":{"rendered":"<p>[et_pb_section fb_built=&#8220;1&#8243; _builder_version=&#8220;4.3.4&#8243;][et_pb_row column_structure=&#8220;1_2,1_2&#8243; _builder_version=&#8220;4.3.4&#8243;][et_pb_column type=&#8220;1_2&#8243; _builder_version=&#8220;4.3.4&#8243;][et_pb_image src=&#8220;https:\/\/webdesign-petroll.de\/wp-content\/uploads\/2020\/02\/bilderBanner.jpg&#8220; force_fullwidth=&#8220;on&#8220; _builder_version=&#8220;4.3.4&#8243;][\/et_pb_image][et_pb_text _builder_version=&#8220;4.3.4&#8243; custom_margin=&#8220;-31px|||||&#8220; custom_padding=&#8220;||0px|||&#8220;]<\/p>\n<p>Erstellen und Verwalten von Internetseiten.<\/p>\n<p>[\/et_pb_text][\/et_pb_column][et_pb_column type=&#8220;1_2&#8243; _builder_version=&#8220;4.3.4&#8243;][et_pb_text _builder_version=&#8220;4.3.4&#8243; min_height=&#8220;105px&#8220; custom_padding=&#8220;40px||0px|||&#8220; inline_fonts=&#8220;Verdana&#8220;]<\/p>\n<h1><span style=\"font-family: Verdana;\"><strong>Webdesign-Petroll<\/strong><\/span><\/h1>\n<p>[\/et_pb_text][\/et_pb_column][\/et_pb_row][et_pb_row _builder_version=&#8220;4.3.4&#8243; width=&#8220;99.5%&#8220; custom_padding=&#8220;0px|||41px||&#8220;][et_pb_column type=&#8220;4_4&#8243; _builder_version=&#8220;4.3.4&#8243;][et_pb_text _builder_version=&#8220;4.4.1&#8243; hover_enabled=&#8220;0&#8243;]<\/p>\n<h4>Allgemeine Gesch\u00e4ftsbedingungen<\/h4>\n<p>1. Geltungsbereich<\/p>\n<p>1.1 Unsere Angebote und Leistungen erfolgen ausschlie\u00dflich aufgrund dieser Gesch\u00e4ftsbedingungen. Gegenbest\u00e4tigungen unter Hinweis auf eigene Gesch\u00e4ftsbedingungen wird hiermit ausdr\u00fccklich widersprochen.<\/p>\n<p>1.2 Schriftliche Individualvereinbarungen gehen diesen Gesch\u00e4ftsbedingungen vor.<\/p>\n<p>2. Angebot<\/p>\n<p>2.1 Unsere Angebote sind stets freibleibend und unverbindlich.<\/p>\n<p>2.2 Technische und gestalterische Abweichungen von Beschreibungen und Angaben in Prospekten, Katalogen und schriftliche Unterlagen sowie \u00c4nderungen im Zuge des technischen Fortschritts bleiben vorbehalten, ohne dass hieraus Rechte gegen uns hergeleitet werden k\u00f6nnen.<\/p>\n<p>3. Preise<\/p>\n<p>3.1 Entgegenstehende Vereinbarungen m\u00fcssen schriftlich best\u00e4tigt werden.<\/p>\n<p>3.2 Preisangaben, die sich erkennbar ausschlie\u00dflich an gewerbliche Kunden richten, verstehen sich im Zweifel zzgl. der gesetzlichen Mehrwertsteuer.<\/p>\n<p>4. Zahlung<\/p>\n<p>4.1 Soweit nicht anders vereinbart ist, sind unsere Rechnungen ohne Abzug sofort zur Zahlung f\u00e4llig.<\/p>\n<p>4.2 Wir sind berechtigt, trotz anderslautender Bestimmungen des Kunden Zahlungen zun\u00e4chst auf dessen \u00e4ltere Schuld anzurechnen. Sind bereits Kosten und Zinsen entstanden, so sind die Zahlungen auf die Kosten, sodann auf die Zinsen und zuletzt die Hauptforderung anzurechnen.<\/p>\n<p>4.3 Ger\u00e4t der Kunde in Verzug, so sind wir berechtigt, von dem betreffenden Zeitpunkt ab Zinsen in bank\u00fcblicher H\u00f6he, mindestens jedoch in H\u00f6he von 5 % \u00fcber dem jeweiligen Diskontsatz der Deutschen Bundesbank zu berechnen.<\/p>\n<p>4.4 Kommt der Kunde seinen Zahlungsverpflichtungen nicht vertragsgem\u00e4\u00df nach oder stellt er seine Zahlungen ein, oder werden uns andere Umst\u00e4nde bekannt, die die Kreditw\u00fcrdigkeit des Kunden in Frage stellen, so sind wir berechtigt, die gesamte Restschuld f\u00e4llig zu stellen, Vorauszahlungen oder Sicherheitsleistungen zu verlangen.<\/p>\n<p>4.5 Der Kunde ist zur Aufrechnung, Zur\u00fcckbehaltung oder Minderung, auch wenn M\u00e4ngelr\u00fcgen oder Gegenanspr\u00fcche geltend gemacht werden, nur berechtigt, wenn wir ausdr\u00fccklich zustimmen oder wenn Gegenanspr\u00fcche rechtskr\u00e4ftig festgestellt sind.<\/p>\n<p>5. Schlussbestimmung<\/p>\n<p>5.1 Sollten einzelne Bestimmungen nichtig, unwirksam oder anfechtbar sein oder werden, sind sie so auszulegen bzw. zu erg\u00e4nzen, dass der beabsichtigte wirtschaftliche Zweck in rechtlich zul\u00e4ssiger Weise m\u00f6glichst genau erreicht wird; die \u00fcbrigen Bestimmungen bleiben davon unber\u00fchrt. Sinngem\u00e4\u00df gilt dies auch f\u00fcr erg\u00e4nzungsbed\u00fcrftige L\u00fccken.<\/p>\n<p>.<\/p>\n<p>[\/et_pb_text][\/et_pb_column][\/et_pb_row][\/et_pb_section]<\/p>\n","protected":false},"excerpt":{"rendered":"<p>Erstellen und Verwalten von Internetseiten.Webdesign-PetrollAllgemeine Gesch\u00e4ftsbedingungen 1. Geltungsbereich 1.1 Unsere Angebote und Leistungen erfolgen ausschlie\u00dflich aufgrund dieser Gesch\u00e4ftsbedingungen. Gegenbest\u00e4tigungen unter Hinweis auf eigene Gesch\u00e4ftsbedingungen wird hiermit ausdr\u00fccklich widersprochen. 1.2 Schriftliche Individualvereinbarungen gehen diesen Gesch\u00e4ftsbedingungen vor. 2. Angebot 2.1 Unsere Angebote sind stets freibleibend und unverbindlich. 2.2 Technische und gestalterische Abweichungen von Beschreibungen und Angaben in [&hellip;]<\/p>\n","protected":false},"author":1,"featured_media":0,"parent":0,"menu_order":0,"comment_status":"closed","ping_status":"closed","template":"","meta":{"_et_pb_use_builder":"on","_et_pb_old_content":"","_et_gb_content_width":"","footnotes":""},"_links":{"self":[{"href":"https:\/\/webdesign-petroll.de\/webdesign\/wp-json\/wp\/v2\/pages\/49"}],"collection":[{"href":"https:\/\/webdesign-petroll.de\/webdesign\/wp-json\/wp\/v2\/pages"}],"about":[{"href":"https:\/\/webdesign-petroll.de\/webdesign\/wp-json\/wp\/v2\/types\/page"}],"author":[{"embeddable":true,"href":"https:\/\/webdesign-petroll.de\/webdesign\/wp-json\/wp\/v2\/users\/1"}],"replies":[{"embeddable":true,"href":"https:\/\/webdesign-petroll.de\/webdesign\/wp-json\/wp\/v2\/comments?post=49"}],"version-history":[{"count":5,"href":"https:\/\/webdesign-petroll.de\/webdesign\/wp-json\/wp\/v2\/pages\/49\/revisions"}],"predecessor-version":[{"id":113,"href":"https:\/\/webdesign-petroll.de\/webdesign\/wp-json\/wp\/v2\/pages\/49\/revisions\/113"}],"wp:attachment":[{"href":"https:\/\/webdesign-petroll.de\/webdesign\/wp-json\/wp\/v2\/media?parent=49"}],"curies":[{"name":"wp","href":"https:\/\/api.w.org\/{rel}","templated":true}]}}